{"id":2,"date":"2016-11-22T12:40:03","date_gmt":"2016-11-22T12:40:03","guid":{"rendered":"http:\/\/xn--leprojetnourlumires-5yb.apps-1and1.net\/?page_id=2"},"modified":"2021-08-12T16:15:28","modified_gmt":"2021-08-12T16:15:28","slug":"sample-page","status":"publish","type":"page","link":"http:\/\/nda-production.fr\/","title":{"rendered":"Accueil"},"content":{"rendered":"<h1 style=\"text-align: center;\"><span style=\"color: #ffcc00;\"><em><strong>Bienvenue&nbsp;<\/strong><\/em><\/span><\/h1>\n<h2><span style=\"font-size: 24pt; color: #ff9900;\"><span style=\"color: #ffcc00;\">Future Pr\u00e9sent Film<\/span> pr\u00e9sente le projet Nour \u2013 Lumi\u00e8res : <\/span><br><span style=\"font-size: 24pt; color: #ff9900;\"> Valorisation et repr\u00e9sentation des femmes et des minorit\u00e9s visibles dans le cin\u00e9ma <\/span><span style=\"font-size: 24pt; color: #339966;\"><span style=\"color: #ff9900;\">et l&rsquo;audiovisuel.<\/span><br><\/span><\/h2>\n<p>&nbsp;<\/p>\n<p><span style=\"font-size: 24pt;\"><strong><a href=\"http:\/\/nda-production.fr\/?page_id=33\"><span style=\"color: #99cc00;\">Faites un don<\/span> <\/a><\/strong><\/span><\/p>\n<p><img loading=\"lazy\" decoding=\"async\" class=\"wp-image-156 aligncenter\" src=\"http:\/\/nda-production.fr\/wp-content\/uploads\/2021\/08\/g_20_XqDIs7As7w-300x300.jpg\" alt=\"\" width=\"542\" height=\"542\" srcset=\"http:\/\/nda-production.fr\/wp-content\/uploads\/2021\/08\/g_20_XqDIs7As7w-300x300.jpg 300w, http:\/\/nda-production.fr\/wp-content\/uploads\/2021\/08\/g_20_XqDIs7As7w-150x150.jpg 150w, http:\/\/nda-production.fr\/wp-content\/uploads\/2021\/08\/g_20_XqDIs7As7w-768x768.jpg 768w, http:\/\/nda-production.fr\/wp-content\/uploads\/2021\/08\/g_20_XqDIs7As7w-425x425.jpg 425w, http:\/\/nda-production.fr\/wp-content\/uploads\/2021\/08\/g_20_XqDIs7As7w.jpg 800w\" sizes=\"auto, (max-width: 542px) 100vw, 542px\" \/><\/p>\n<p>&nbsp;<\/p>\n<p style=\"text-align: center;\"><span style=\"font-size: 18pt; color: #ff6600;\"><strong>Nous y \u0153uvrons depuis 2001,&nbsp;<a style=\"color: #ff6600;\" href=\"http:\/\/nda-production.fr\/?p=1\" rel=\"bookmark\">20 ans d\u00e9j\u00e0.<\/a><\/strong><\/span><\/p>\n<p>&nbsp;<\/p>\n<p><img loading=\"lazy\" decoding=\"async\" class=\"wp-image-157 aligncenter\" src=\"http:\/\/nda-production.fr\/wp-content\/uploads\/2021\/08\/g_20_t7DBv2WZaf-300x300.jpg\" alt=\"\" width=\"492\" height=\"492\" srcset=\"http:\/\/nda-production.fr\/wp-content\/uploads\/2021\/08\/g_20_t7DBv2WZaf-300x300.jpg 300w, http:\/\/nda-production.fr\/wp-content\/uploads\/2021\/08\/g_20_t7DBv2WZaf-150x150.jpg 150w, http:\/\/nda-production.fr\/wp-content\/uploads\/2021\/08\/g_20_t7DBv2WZaf-768x768.jpg 768w, http:\/\/nda-production.fr\/wp-content\/uploads\/2021\/08\/g_20_t7DBv2WZaf-425x425.jpg 425w, http:\/\/nda-production.fr\/wp-content\/uploads\/2021\/08\/g_20_t7DBv2WZaf.jpg 800w\" sizes=\"auto, (max-width: 492px) 100vw, 492px\" \/><\/p>\n<p>&nbsp;<\/p>\n<p style=\"text-align: center;\"><span style=\"font-size: 18pt; color: #ff6600;\"><strong>Avec enthousiasme et conviction !<\/strong><\/span><\/p>\n<p>&nbsp;<\/p>\n<p><img loading=\"lazy\" decoding=\"async\" class=\"alignnone wp-image-113 size-full\" src=\"http:\/\/nda-production.fr\/wp-content\/uploads\/2017\/05\/U6B4004_good_base_006_tr.jpg\" alt=\"\" width=\"1700\" height=\"1626\" srcset=\"http:\/\/nda-production.fr\/wp-content\/uploads\/2017\/05\/U6B4004_good_base_006_tr.jpg 1700w, http:\/\/nda-production.fr\/wp-content\/uploads\/2017\/05\/U6B4004_good_base_006_tr-300x287.jpg 300w, http:\/\/nda-production.fr\/wp-content\/uploads\/2017\/05\/U6B4004_good_base_006_tr-768x735.jpg 768w, http:\/\/nda-production.fr\/wp-content\/uploads\/2017\/05\/U6B4004_good_base_006_tr-1024x979.jpg 1024w, http:\/\/nda-production.fr\/wp-content\/uploads\/2017\/05\/U6B4004_good_base_006_tr-425x407.jpg 425w\" sizes=\"auto, (max-width: 1700px) 100vw, 1700px\" \/><\/p>\n<div class=\"entry-featured-img-wrap\">&nbsp;<\/div>\n<div><header>\n<h2 style=\"text-align: center;\"><span style=\"font-size: 18pt;\"><strong>&nbsp;Rejoignez-nous !<\/strong><\/span><\/h2>\n<\/header><\/div>\n<p style=\"text-align: center;\"><span style=\"font-size: 18pt;\"><strong>Contact : presidence@nda-production.fr<\/strong><\/span><\/p>\n<p style=\"text-align: center;\"><span style=\"font-size: 18pt;\"><strong>mohamed.lasmer@nda-production.fr<\/strong><\/span><\/p>\n<h2 style=\"text-align: center;\"><strong>Association Noria D\u00e9veloppement Audiovisuel<\/strong><br><strong>C\/O Maison de la vie associative et citoyenne du 20\u1d49<\/strong><br><strong>Bo\u00eete n\u00b0 163<\/strong><br><strong>18 Rue Ramus<\/strong><br><strong>75020 PARIS<\/strong><\/h2>\n<p><img loading=\"lazy\" decoding=\"async\" class=\"wp-image-179 aligncenter\" src=\"http:\/\/nda-production.fr\/wp-content\/uploads\/2021\/08\/g_20_fJr9OUklfu-1-300x300.jpg\" alt=\"\" width=\"605\" height=\"605\" srcset=\"http:\/\/nda-production.fr\/wp-content\/uploads\/2021\/08\/g_20_fJr9OUklfu-1-300x300.jpg 300w, http:\/\/nda-production.fr\/wp-content\/uploads\/2021\/08\/g_20_fJr9OUklfu-1-150x150.jpg 150w, http:\/\/nda-production.fr\/wp-content\/uploads\/2021\/08\/g_20_fJr9OUklfu-1-768x768.jpg 768w, http:\/\/nda-production.fr\/wp-content\/uploads\/2021\/08\/g_20_fJr9OUklfu-1-425x425.jpg 425w, http:\/\/nda-production.fr\/wp-content\/uploads\/2021\/08\/g_20_fJr9OUklfu-1.jpg 800w\" sizes=\"auto, (max-width: 605px) 100vw, 605px\" \/><\/p>\n\n","protected":false},"excerpt":{"rendered":"<p>Bienvenue&nbsp; Future Pr\u00e9sent Film pr\u00e9sente le projet Nour \u2013 Lumi\u00e8res : Valorisation et repr\u00e9sentation des femmes et des minorit\u00e9s visibles dans le cin\u00e9ma et l&rsquo;audiovisuel. &nbsp; Faites un don &nbsp; Nous y \u0153uvrons depuis 2001,&nbsp;20 ans d\u00e9j\u00e0. &nbsp; &nbsp; Avec enthousiasme et conviction ! &nbsp; &nbsp; &nbsp;Rejoignez-nous ! Contact : presidence@nda-production.fr mohamed.lasmer@nda-production.fr Association Noria D\u00e9veloppement AudiovisuelC\/O Maison de la vie associative et citoyenne du 20\u1d49Bo\u00eete n\u00b0 16318 Rue Ramus75020 PARIS<a class=\"more-link\" href=\"http:\/\/nda-production.fr\/\">Read More &rarr;<\/a><\/p>\n","protected":false},"author":1,"featured_media":0,"parent":0,"menu_order":0,"comment_status":"closed","ping_status":"open","template":"","meta":{"_monsterinsights_skip_tracking":false,"_monsterinsights_sitenote_active":false,"_monsterinsights_sitenote_note":"","_monsterinsights_sitenote_category":0,"ngg_post_thumbnail":0,"footnotes":""},"class_list":["entry","page","publish","author-passe3691491609266","post-2"],"_links":{"self":[{"href":"http:\/\/nda-production.fr\/index.php?rest_route=\/wp\/v2\/pages\/2","targetHints":{"allow":["GET"]}}],"collection":[{"href":"http:\/\/nda-production.fr\/index.php?rest_route=\/wp\/v2\/pages"}],"about":[{"href":"http:\/\/nda-production.fr\/index.php?rest_route=\/wp\/v2\/types\/page"}],"author":[{"embeddable":true,"href":"http:\/\/nda-production.fr\/index.php?rest_route=\/wp\/v2\/users\/1"}],"replies":[{"embeddable":true,"href":"http:\/\/nda-production.fr\/index.php?rest_route=%2Fwp%2Fv2%2Fcomments&post=2"}],"version-history":[{"count":23,"href":"http:\/\/nda-production.fr\/index.php?rest_route=\/wp\/v2\/pages\/2\/revisions"}],"predecessor-version":[{"id":208,"href":"http:\/\/nda-production.fr\/index.php?rest_route=\/wp\/v2\/pages\/2\/revisions\/208"}],"wp:attachment":[{"href":"http:\/\/nda-production.fr\/index.php?rest_route=%2Fwp%2Fv2%2Fmedia&parent=2"}],"curies":[{"name":"wp","href":"https:\/\/api.w.org\/{rel}","templated":true}]}}